{"id":13848,"date":"2020-03-22T22:45:10","date_gmt":"2020-03-22T22:45:10","guid":{"rendered":"https:\/\/ayseunderhill.com\/?page_id=13848"},"modified":"2021-05-04T07:27:26","modified_gmt":"2021-05-04T07:27:26","slug":"sanat-slaytlariyla-5-tarih-dersi","status":"publish","type":"page","link":"https:\/\/ayseunderhill.com\/tr\/sanat-slaytlariyla-5-tarih-dersi\/","title":{"rendered":"Sanat Slaytlar\u0131yla 5 Tarih Dersi"},"content":{"rendered":"\t\t<div data-elementor-type=\"wp-page\" data-elementor-id=\"13848\" class=\"elementor elementor-13848\" data-elementor-post-type=\"page\">\n\t\t\t\t\t\t<section class=\"elementor-section elementor-top-section elementor-element elementor-element-31c296fa elementor-section-stretched elementor-section-boxed elementor-section-height-default elementor-section-height-default\" data-id=\"31c296fa\" data-element_type=\"section\" data-e-type=\"section\" data-settings=\"{&quot;stretch_section&quot;:&quot;section-stretched&quot;,&quot;background_background&quot;:&quot;classic&quot;}\">\n\t\t\t\t\t\t<div class=\"elementor-container elementor-column-gap-default\">\n\t\t\t\t\t<div class=\"elementor-column elementor-col-100 elementor-top-column elementor-element elementor-element-2006ec99\" data-id=\"2006ec99\" data-element_type=\"column\" data-e-type=\"column\">\n\t\t\t<div class=\"elementor-widget-wrap elementor-element-populated\">\n\t\t\t\t\t\t<div class=\"elementor-element elementor-element-4cd4efd2 elementor-widget elementor-widget-spacer\" data-id=\"4cd4efd2\" data-element_type=\"widget\" data-e-type=\"widget\" data-widget_type=\"spacer.default\">\n\t\t\t\t<div class=\"elementor-widget-container\">\n\t\t\t\t\t\t\t<div class=\"elementor-spacer\">\n\t\t\t<div class=\"elementor-spacer-inner\"><\/div>\n\t\t<\/div>\n\t\t\t\t\t\t<\/div>\n\t\t\t\t<\/div>\n\t\t\t\t<div class=\"elementor-element elementor-element-3d164582 text-center elementor-widget elementor-widget-tp-blockquote\" data-id=\"3d164582\" data-element_type=\"widget\" data-e-type=\"widget\" data-widget_type=\"tp-blockquote.default\">\n\t\t\t\t<div class=\"elementor-widget-container\">\n\t\t\t\t\t<div class=\"pt-plus-text-block-wrapper\" ><div class=\"text_block_parallax\"><div class=\"plus_blockquote quote-style-2   none \" ><blockquote class=\"quote-text\"><span class=\"tp-bq-desc\"><p style=\"text-align: center\">\u00c7ocu\u011funuzun m\u00fczik e\u011fitimini zenginle\u015ftirin ve g\u00fc\u00e7lendirin!<\/p><p style=\"text-align: center\">Tarih, m\u00fczik ve sanat \u00fczerine bu 5 dersi vermekle gurur duyuyorum. ABD ve avrupa\u2019dan sanat eserleri g\u00f6rece\u011fiz, CD\u2019ler \u00f6alaca\u011f\u0131z, besteciler, yazarlar, ressamalr ve tarihi olaylar hakk\u0131nda konu\u015faca\u011f\u0131z. Bu, \u00e7ocu\u011funuzun m\u00fczi\u011fi takdir etmesi ve e\u011fitimini g\u00fc\u00e7lendirmek i\u00e7in bulunmaz bir f\u0131rsat. \u00c7ocuklar\u0131n k\u00fclt\u00fcr ve m\u00fczik anlay\u0131\u015flar\u0131na \u00f6nemli katk\u0131da bulunaca\u011f\u0131 d\u00fc\u015f\u00fcncem tart\u0131\u015fmaya a\u00e7\u0131k de\u011fildir! Dolay\u0131s\u0131yla, 4. S\u0131n\u0131f ve \u00fczerindekiler, hususen CM s\u0131nav\u0131na gireceklerin bu dersleri kat\u0131lmas\u0131 gerekmektedir. E\u011fer bu derslerden herhangini daha \u00f6nce alm\u0131\u015fsan\u0131z, a\u015fa\u011f\u0131dakilerden birini se\u00e7ebilirsiniz.<\/p><p style=\"text-align: center\"><strong>Derslerin g\u00fcnleri (de\u011fi\u015fiklik olabilir):<\/strong><\/p><p style=\"text-align: center\">Ocak 2010\u2019dan itibaren 19:00<br \/>Barok D\u00f6nemi (1600-1750) - 28 Ocak<br \/>Klasik D\u00f6nem (1730-1820) - 11 \u015eubat<br \/>Romantik D\u00f6nem (18:00-1850) - 25 \u015eubat<br \/>Geli\u015fme \u00c7a\u011f\u0131 (1850-1914) - 11 Mart<br \/>Modern D\u00f6nem (1914-g\u00fcn\u00fcm\u00fcz) - 25 Mart<\/p><p style=\"text-align: center\"><strong>Fiyat: (b\u00fct\u00fcn 5 s\u0131n\u0131f i\u00e7in) \u00e7ocuk ba\u015f\u0131na 100$, ebeveynlere \u00fccretsiz<\/strong><\/p><p style=\"text-align: center\">Te\u015fekk\u00fcrler<\/p><\/span><\/blockquote><\/div><\/div><\/div>\t\t\t\t<\/div>\n\t\t\t\t<\/div>\n\t\t\t\t<div class=\"elementor-element elementor-element-3fe65234 elementor-widget elementor-widget-spacer\" data-id=\"3fe65234\" data-element_type=\"widget\" data-e-type=\"widget\" data-widget_type=\"spacer.default\">\n\t\t\t\t<div class=\"elementor-widget-container\">\n\t\t\t\t\t\t\t<div class=\"elementor-spacer\">\n\t\t\t<div class=\"elementor-spacer-inner\"><\/div>\n\t\t<\/div>\n\t\t\t\t\t\t<\/div>\n\t\t\t\t<\/div>\n\t\t\t\t\t<\/div>\n\t\t<\/div>\n\t\t\t\t\t<\/div>\n\t\t<\/section>\n\t\t\t\t<\/div>\n\t\t","protected":false},"excerpt":{"rendered":"<p>\u00c7ocu\u011funuzun m\u00fczik e\u011fitimini zenginle\u015ftirin ve g\u00fc\u00e7lendirin! Tarih, m\u00fczik ve sanat \u00fczerine bu 5 dersi vermekle gurur duyuyorum. ABD ve avrupa\u2019dan sanat eserleri g\u00f6rece\u011fiz, CD\u2019ler \u00f6alaca\u011f\u0131z, besteciler, yazarlar, ressamalr ve tarihi olaylar hakk\u0131nda konu\u015faca\u011f\u0131z. Bu, \u00e7ocu\u011funuzun m\u00fczi\u011fi takdir etmesi ve e\u011fitimini g\u00fc\u00e7lendirmek i\u00e7in bulunmaz bir f\u0131rsat. \u00c7ocuklar\u0131n k\u00fclt\u00fcr ve m\u00fczik anlay\u0131\u015flar\u0131na \u00f6nemli katk\u0131da bulunaca\u011f\u0131 d\u00fc\u015f\u00fcncem tart\u0131\u015fmaya [&#8230;]\n","protected":false},"author":1,"featured_media":0,"parent":0,"menu_order":0,"comment_status":"closed","ping_status":"closed","template":"elementor_header_footer","meta":{"footnotes":""},"class_list":["post-13848","page","type-page","status-publish","hentry"],"_links":{"self":[{"href":"https:\/\/ayseunderhill.com\/tr\/wp-json\/wp\/v2\/pages\/13848","targetHints":{"allow":["GET"]}}],"collection":[{"href":"https:\/\/ayseunderhill.com\/tr\/wp-json\/wp\/v2\/pages"}],"about":[{"href":"https:\/\/ayseunderhill.com\/tr\/wp-json\/wp\/v2\/types\/page"}],"author":[{"embeddable":true,"href":"https:\/\/ayseunderhill.com\/tr\/wp-json\/wp\/v2\/users\/1"}],"replies":[{"embeddable":true,"href":"https:\/\/ayseunderhill.com\/tr\/wp-json\/wp\/v2\/comments?post=13848"}],"version-history":[{"count":10,"href":"https:\/\/ayseunderhill.com\/tr\/wp-json\/wp\/v2\/pages\/13848\/revisions"}],"predecessor-version":[{"id":14839,"href":"https:\/\/ayseunderhill.com\/tr\/wp-json\/wp\/v2\/pages\/13848\/revisions\/14839"}],"wp:attachment":[{"href":"https:\/\/ayseunderhill.com\/tr\/wp-json\/wp\/v2\/media?parent=13848"}],"curies":[{"name":"wp","href":"https:\/\/api.w.org\/{rel}","templated":true}]}}