{"id":13845,"date":"2020-03-22T22:43:33","date_gmt":"2020-03-22T22:43:33","guid":{"rendered":"https:\/\/ayseunderhill.com\/?page_id=13845"},"modified":"2021-05-04T07:36:12","modified_gmt":"2021-05-04T07:36:12","slug":"egitim-felsefesi","status":"publish","type":"page","link":"https:\/\/ayseunderhill.com\/tr\/egitim-felsefesi\/","title":{"rendered":"E\u011fitim Felsefesi"},"content":{"rendered":"\t\t<div data-elementor-type=\"wp-page\" data-elementor-id=\"13845\" class=\"elementor elementor-13845\" data-elementor-post-type=\"page\">\n\t\t\t\t\t\t<section class=\"elementor-section elementor-top-section elementor-element elementor-element-5b17e9da elementor-section-stretched elementor-section-boxed elementor-section-height-default elementor-section-height-default\" data-id=\"5b17e9da\" data-element_type=\"section\" data-e-type=\"section\" data-settings=\"{&quot;stretch_section&quot;:&quot;section-stretched&quot;,&quot;background_background&quot;:&quot;classic&quot;}\">\n\t\t\t\t\t\t<div class=\"elementor-container elementor-column-gap-default\">\n\t\t\t\t\t<div class=\"elementor-column elementor-col-100 elementor-top-column elementor-element elementor-element-762e984\" data-id=\"762e984\" data-element_type=\"column\" data-e-type=\"column\">\n\t\t\t<div class=\"elementor-widget-wrap elementor-element-populated\">\n\t\t\t\t\t\t<div class=\"elementor-element elementor-element-2e31ed83 elementor-widget elementor-widget-spacer\" data-id=\"2e31ed83\" data-element_type=\"widget\" data-e-type=\"widget\" data-widget_type=\"spacer.default\">\n\t\t\t\t<div class=\"elementor-widget-container\">\n\t\t\t\t\t\t\t<div class=\"elementor-spacer\">\n\t\t\t<div class=\"elementor-spacer-inner\"><\/div>\n\t\t<\/div>\n\t\t\t\t\t\t<\/div>\n\t\t\t\t<\/div>\n\t\t\t\t<div class=\"elementor-element elementor-element-61132766 text-left elementor-widget elementor-widget-tp-blockquote\" data-id=\"61132766\" data-element_type=\"widget\" data-e-type=\"widget\" data-widget_type=\"tp-blockquote.default\">\n\t\t\t\t<div class=\"elementor-widget-container\">\n\t\t\t\t\t<div class=\"pt-plus-text-block-wrapper\" ><div class=\"text_block_parallax\"><div class=\"plus_blockquote quote-style-2   none \" ><blockquote class=\"quote-text\"><span class=\"tp-bq-desc\"><p>G\u00fczel m\u00fczik \u00e7alman\u0131n herkesin do\u011fu\u015ftan kazan\u0131lan hakk\u0131 oldu\u011funa inan\u0131yorum. Do\u011fru ortam, displin, adanm\u0131\u015fl\u0131k ve yetenekler bir araya geldi\u011finde, herkes kendini kan\u0131tlam\u0131\u015f bir sanat\u00e7\u0131 kadar piyano \u00e7alabilir.<\/p><p>M\u00fczik hepimizin i\u00e7inde vard\u0131r.<\/p><p>M\u00fczik sanat\u0131 bize fiziksel, zihinsel, duygusal ve en nihayetinde varl\u0131\u011f\u0131m\u0131z\u0131n ruhsal a\u00e7\u0131dan meydan okur.<\/p><p>M\u00fczi\u011fin g\u00fczelli\u011fi ve g\u00fcc\u00fc d\u00fcnyan\u0131n b\u00fct\u00fcn insanlar\u0131n\u0131 bir araya getirir. Dolay\u0131s\u0131yla, o m\u00fcthi\u015f Japon \u00f6\u011fretmen Dr. Suzuki\u2019den \u00f6\u011frendi\u011fim \u00fczere, \u00e7ocuklar\u0131n \u00f6\u011frenmeleri ve serpilmeleri i\u00e7in gerekli g\u00fczel ortam\u0131 olu\u015fturmak ebeveynlere, okullara ve topluma d\u00fc\u015fmektedir.<\/p><p>Amerikal\u0131 yazar Willa Cather\u2019\u0131n dedi\u011fi gibi: \u201cB\u00fcy\u00fck a\u015fklar\u0131n oldu\u011fu yerde mucizeler de olur.\u201d<\/p><\/span><p class=\"quote_author\">- Ay\u015fe Underhill<span class=\"quote_author-desc\">- Developer<\/span><\/p><\/blockquote><\/div><\/div><\/div>\t\t\t\t<\/div>\n\t\t\t\t<\/div>\n\t\t\t\t<div class=\"elementor-element elementor-element-617d0e0e elementor-widget elementor-widget-spacer\" data-id=\"617d0e0e\" data-element_type=\"widget\" data-e-type=\"widget\" data-widget_type=\"spacer.default\">\n\t\t\t\t<div class=\"elementor-widget-container\">\n\t\t\t\t\t\t\t<div class=\"elementor-spacer\">\n\t\t\t<div class=\"elementor-spacer-inner\"><\/div>\n\t\t<\/div>\n\t\t\t\t\t\t<\/div>\n\t\t\t\t<\/div>\n\t\t\t\t\t<\/div>\n\t\t<\/div>\n\t\t\t\t\t<\/div>\n\t\t<\/section>\n\t\t\t\t<\/div>\n\t\t","protected":false},"excerpt":{"rendered":"<p>G\u00fczel m\u00fczik \u00e7alman\u0131n herkesin do\u011fu\u015ftan kazan\u0131lan hakk\u0131 oldu\u011funa inan\u0131yorum. Do\u011fru ortam, displin, adanm\u0131\u015fl\u0131k ve yetenekler bir araya geldi\u011finde, herkes kendini kan\u0131tlam\u0131\u015f bir sanat\u00e7\u0131 kadar piyano \u00e7alabilir. M\u00fczik hepimizin i\u00e7inde vard\u0131r. M\u00fczik sanat\u0131 bize fiziksel, zihinsel, duygusal ve en nihayetinde varl\u0131\u011f\u0131m\u0131z\u0131n ruhsal a\u00e7\u0131dan meydan okur. M\u00fczi\u011fin g\u00fczelli\u011fi ve g\u00fcc\u00fc d\u00fcnyan\u0131n b\u00fct\u00fcn insanlar\u0131n\u0131 bir araya getirir. Dolay\u0131s\u0131yla, [&#8230;]\n","protected":false},"author":1,"featured_media":0,"parent":0,"menu_order":0,"comment_status":"closed","ping_status":"closed","template":"elementor_header_footer","meta":{"footnotes":""},"class_list":["post-13845","page","type-page","status-publish","hentry"],"_links":{"self":[{"href":"https:\/\/ayseunderhill.com\/tr\/wp-json\/wp\/v2\/pages\/13845","targetHints":{"allow":["GET"]}}],"collection":[{"href":"https:\/\/ayseunderhill.com\/tr\/wp-json\/wp\/v2\/pages"}],"about":[{"href":"https:\/\/ayseunderhill.com\/tr\/wp-json\/wp\/v2\/types\/page"}],"author":[{"embeddable":true,"href":"https:\/\/ayseunderhill.com\/tr\/wp-json\/wp\/v2\/users\/1"}],"replies":[{"embeddable":true,"href":"https:\/\/ayseunderhill.com\/tr\/wp-json\/wp\/v2\/comments?post=13845"}],"version-history":[{"count":11,"href":"https:\/\/ayseunderhill.com\/tr\/wp-json\/wp\/v2\/pages\/13845\/revisions"}],"predecessor-version":[{"id":14848,"href":"https:\/\/ayseunderhill.com\/tr\/wp-json\/wp\/v2\/pages\/13845\/revisions\/14848"}],"wp:attachment":[{"href":"https:\/\/ayseunderhill.com\/tr\/wp-json\/wp\/v2\/media?parent=13845"}],"curies":[{"name":"wp","href":"https:\/\/api.w.org\/{rel}","templated":true}]}}